{"id":36,"date":"2023-12-27T13:08:25","date_gmt":"2023-12-27T13:08:25","guid":{"rendered":"http:\/\/www.canerteknikservis.com.tr\/?page_id=36"},"modified":"2026-02-27T07:35:05","modified_gmt":"2026-02-27T07:35:05","slug":"iletisim","status":"publish","type":"page","link":"http:\/\/www.canerteknikservis.com.tr\/?page_id=36","title":{"rendered":"\u0130leti\u015fim"},"content":{"rendered":"\n<p><strong>canerteknikservis.com.tr<\/strong><\/p>\n\n\n\n<p>Caner Teknik Servisi <br>Her Marka Cep Telefonu Tamiri Telefon Sat\u0131\u015f\u0131 ve Teknik Hizmetleri<\/p>\n\n\n\n<p><mark style=\"background-color:rgba(0, 0, 0, 0)\" class=\"has-inline-color has-vivid-green-cyan-color\"><strong>Yeni adresimiz<\/strong> <\/mark>>>> Yal\u0131 mahallesi 627\/1 sokak Karasu \u2013 Sakarya<\/p>\n\n\n\n<p> <a href=\"https:\/\/www.google.com\/search?q=+Yal%C4%B1%2C+273.+sokak+21%2F3%2C+54500+Karasu%2FSakarya\">https:\/\/www.google.com\/search?<\/a> &lt;&lt;&lt;<strong>T\u0131klay\u0131n Adrese Ula\u015f\u0131n.<\/strong><br>Tel.: (0264) 718 85 55<\/p>\n\n\n\n<p>GSM: <strong>0545 221 92 54<\/strong><\/p>\n\n\n\n<p><a href=\"mailto:canerteknikkarasu@gmail.com\">canerteknikkarasu@gmail.com<\/a><\/p>\n\n\n\n<p>Pazartesi .\u202608:30\u201318:30<br>Sal\u0131 \u2026\u2026\u2026\u2026\u202608:30\u201318:30<br>\u00c7ar\u015famba ..08:30\u201318:30<br>Per\u015fembe\u202608:30\u201318:30<br>Cuma\u2026\u2026\u2026.08:30\u201318:30<br>Cumartesi .08:30\u201318:30<br>Pazar G\u00fcn\u00fc : Kapal\u0131<\/p>\n","protected":false},"excerpt":{"rendered":"<p>canerteknikservis.com.tr Caner Teknik Servisi Her Marka Cep Telefonu Tamiri Telefon Sat\u0131\u015f\u0131 ve Teknik Hizmetleri Yeni adresimiz >>> Yal\u0131 mahallesi 627\/1 sokak Karasu \u2013 Sakarya https:\/\/www.google.com\/search? &lt;&lt;&lt;T\u0131klay\u0131n Adrese Ula\u015f\u0131n.Tel.: (0264) 718 85 55 GSM: 0545 221 92 54 canerteknikkarasu@gmail.com Pazartesi .\u202608:30\u201318:30Sal\u0131 \u2026\u2026\u2026\u2026\u202608:30\u201318:30\u00c7ar\u015famba ..08:30\u201318:30Per\u015fembe\u202608:30\u201318:30Cuma\u2026\u2026\u2026.08:30\u201318:30Cumartesi .08:30\u201318:30Pazar G\u00fcn\u00fc : Kapal\u0131<\/p>\n","protected":false},"author":1,"featured_media":0,"parent":0,"menu_order":0,"comment_status":"closed","ping_status":"closed","template":"","meta":{"footnotes":""},"_links":{"self":[{"href":"http:\/\/www.canerteknikservis.com.tr\/index.php?rest_route=\/wp\/v2\/pages\/36"}],"collection":[{"href":"http:\/\/www.canerteknikservis.com.tr\/index.php?rest_route=\/wp\/v2\/pages"}],"about":[{"href":"http:\/\/www.canerteknikservis.com.tr\/index.php?rest_route=\/wp\/v2\/types\/page"}],"author":[{"embeddable":true,"href":"http:\/\/www.canerteknikservis.com.tr\/index.php?rest_route=\/wp\/v2\/users\/1"}],"replies":[{"embeddable":true,"href":"http:\/\/www.canerteknikservis.com.tr\/index.php?rest_route=%2Fwp%2Fv2%2Fcomments&post=36"}],"version-history":[{"count":14,"href":"http:\/\/www.canerteknikservis.com.tr\/index.php?rest_route=\/wp\/v2\/pages\/36\/revisions"}],"predecessor-version":[{"id":151,"href":"http:\/\/www.canerteknikservis.com.tr\/index.php?rest_route=\/wp\/v2\/pages\/36\/revisions\/151"}],"wp:attachment":[{"href":"http:\/\/www.canerteknikservis.com.tr\/index.php?rest_route=%2Fwp%2Fv2%2Fmedia&parent=36"}],"curies":[{"name":"wp","href":"https:\/\/api.w.org\/{rel}","templated":true}]}}