{"id":35,"date":"2023-12-27T13:08:25","date_gmt":"2023-12-27T13:08:25","guid":{"rendered":"http:\/\/www.canerteknikservis.com.tr\/?page_id=35"},"modified":"2025-02-14T08:07:39","modified_gmt":"2025-02-14T08:07:39","slug":"hizmetlerimiz","status":"publish","type":"page","link":"http:\/\/www.canerteknikservis.com.tr\/?page_id=35","title":{"rendered":"Hizmetlerimiz"},"content":{"rendered":"\n<p>\u0130kinci el ve S\u0131f\u0131r Telefon Sat\u0131\u015f ve cep Telefon ve Tablet Tamiri Aksesuar Sat\u0131\u015f\u0131 ile<\/p>\n\n\n\n<p>25. Y\u0131l\u0131nda Hizmetinizdedir.<\/p>\n","protected":false},"excerpt":{"rendered":"<p>\u0130kinci el ve S\u0131f\u0131r Telefon Sat\u0131\u015f ve cep Telefon ve Tablet Tamiri Aksesuar Sat\u0131\u015f\u0131 ile 25. Y\u0131l\u0131nda Hizmetinizdedir.<\/p>\n","protected":false},"author":1,"featured_media":0,"parent":0,"menu_order":0,"comment_status":"closed","ping_status":"closed","template":"","meta":{"footnotes":""},"_links":{"self":[{"href":"http:\/\/www.canerteknikservis.com.tr\/index.php?rest_route=\/wp\/v2\/pages\/35"}],"collection":[{"href":"http:\/\/www.canerteknikservis.com.tr\/index.php?rest_route=\/wp\/v2\/pages"}],"about":[{"href":"http:\/\/www.canerteknikservis.com.tr\/index.php?rest_route=\/wp\/v2\/types\/page"}],"author":[{"embeddable":true,"href":"http:\/\/www.canerteknikservis.com.tr\/index.php?rest_route=\/wp\/v2\/users\/1"}],"replies":[{"embeddable":true,"href":"http:\/\/www.canerteknikservis.com.tr\/index.php?rest_route=%2Fwp%2Fv2%2Fcomments&post=35"}],"version-history":[{"count":3,"href":"http:\/\/www.canerteknikservis.com.tr\/index.php?rest_route=\/wp\/v2\/pages\/35\/revisions"}],"predecessor-version":[{"id":125,"href":"http:\/\/www.canerteknikservis.com.tr\/index.php?rest_route=\/wp\/v2\/pages\/35\/revisions\/125"}],"wp:attachment":[{"href":"http:\/\/www.canerteknikservis.com.tr\/index.php?rest_route=%2Fwp%2Fv2%2Fmedia&parent=35"}],"curies":[{"name":"wp","href":"https:\/\/api.w.org\/{rel}","templated":true}]}}