{"id":34,"date":"2023-12-27T13:08:25","date_gmt":"2023-12-27T13:08:25","guid":{"rendered":"http:\/\/www.canerteknikservis.com.tr\/?page_id=34"},"modified":"2026-02-27T07:34:43","modified_gmt":"2026-02-27T07:34:43","slug":"hakkimizda","status":"publish","type":"page","link":"http:\/\/www.canerteknikservis.com.tr\/?page_id=34","title":{"rendered":"Hakk\u0131m\u0131zda"},"content":{"rendered":"\n<p> <\/p>\n\n\n\n<p><strong>25 Y\u0131ld\u0131r, Her Marka Cep Telefonu Tamiri, Telefon Sat\u0131\u015f\u0131 ve Teknik Hizmetleri Vermekteyiz.<\/strong><\/p>\n\n\n\n<p><strong>D\u0130KKAT: <\/strong>Firmam\u0131z\u0131 ba\u015fka firma ile kar\u0131\u015ft\u0131rmalar oluyor.<br>L\u00fctfen: \u015eikayetinizi Bize, Memnuniyetinizi dostlar\u0131n\u0131z\u0131 bildirmeniz rica olunur.<\/p>\n\n\n\n<p>.<br>Telefon: 0264 718 85 55<br><strong>Her Marka Cep Telefonu Tamiri Telefon Sat\u0131\u015f\u0131 ve Teknik Hizmetleri <\/strong><\/p>\n\n\n\n<p>www.<strong>canerteknikservis<\/strong>.com.tr <\/p>\n\n\n\n<p><strong>Caner Teknik Servisi<\/strong> Karasu \u2013 Sakarya<\/p>\n\n\n\n<p><strong>Kabakoz Mah, Mevlana Cad. No:26<\/strong><\/p>\n\n\n\n<p><strong>\u201cVak\u0131fbank Kar\u015f\u0131s\u0131\u201d <strong>54500<\/strong><\/strong> <strong>Karasu\/Sakarya<\/strong><\/p>\n","protected":false},"excerpt":{"rendered":"<p>25 Y\u0131ld\u0131r, Her Marka Cep Telefonu Tamiri, Telefon Sat\u0131\u015f\u0131 ve Teknik Hizmetleri Vermekteyiz. D\u0130KKAT: Firmam\u0131z\u0131 ba\u015fka firma ile kar\u0131\u015ft\u0131rmalar oluyor.L\u00fctfen: \u015eikayetinizi Bize, Memnuniyetinizi dostlar\u0131n\u0131z\u0131 bildirmeniz rica olunur. .Telefon: 0264 718 85 55Her Marka Cep Telefonu Tamiri Telefon Sat\u0131\u015f\u0131 ve Teknik Hizmetleri www.canerteknikservis.com.tr Caner Teknik Servisi Karasu \u2013 Sakarya Kabakoz Mah, Mevlana Cad. No:26 \u201cVak\u0131fbank Kar\u015f\u0131s\u0131\u201d [&hellip;]<\/p>\n","protected":false},"author":1,"featured_media":0,"parent":0,"menu_order":0,"comment_status":"closed","ping_status":"closed","template":"","meta":{"footnotes":""},"_links":{"self":[{"href":"http:\/\/www.canerteknikservis.com.tr\/index.php?rest_route=\/wp\/v2\/pages\/34"}],"collection":[{"href":"http:\/\/www.canerteknikservis.com.tr\/index.php?rest_route=\/wp\/v2\/pages"}],"about":[{"href":"http:\/\/www.canerteknikservis.com.tr\/index.php?rest_route=\/wp\/v2\/types\/page"}],"author":[{"embeddable":true,"href":"http:\/\/www.canerteknikservis.com.tr\/index.php?rest_route=\/wp\/v2\/users\/1"}],"replies":[{"embeddable":true,"href":"http:\/\/www.canerteknikservis.com.tr\/index.php?rest_route=%2Fwp%2Fv2%2Fcomments&post=34"}],"version-history":[{"count":7,"href":"http:\/\/www.canerteknikservis.com.tr\/index.php?rest_route=\/wp\/v2\/pages\/34\/revisions"}],"predecessor-version":[{"id":121,"href":"http:\/\/www.canerteknikservis.com.tr\/index.php?rest_route=\/wp\/v2\/pages\/34\/revisions\/121"}],"wp:attachment":[{"href":"http:\/\/www.canerteknikservis.com.tr\/index.php?rest_route=%2Fwp%2Fv2%2Fmedia&parent=34"}],"curies":[{"name":"wp","href":"https:\/\/api.w.org\/{rel}","templated":true}]}}