{"id":2,"date":"2023-12-27T12:45:56","date_gmt":"2023-12-27T12:45:56","guid":{"rendered":"http:\/\/www.canerteknikservis.com.tr\/?page_id=2"},"modified":"2026-02-27T07:33:19","modified_gmt":"2026-02-27T07:33:19","slug":"sample-page","status":"publish","type":"page","link":"http:\/\/www.canerteknikservis.com.tr\/?page_id=2","title":{"rendered":"Caner Teknik Servisi Karasu &#8211; Sakarya"},"content":{"rendered":"\n<p>canerteknikservis.com.tr<\/p>\n\n\n\n<p>Caner Teknik Servisi <br>Her Marka Cep Telefonu Tamiri Telefon Sat\u0131\u015f\u0131 ve Teknik Hizmetleri<\/p>\n\n\n\n<p><strong>Kabakoz Mah, Mevlana Cad. No:26<\/strong><\/p>\n\n\n\n<p><strong>\u201cVak\u0131fbank Kar\u015f\u0131s\u0131\u201d <strong>54500<\/strong><\/strong> <strong>Karasu\/Sakarya<\/strong><\/p>\n\n\n\n<p>Tel.: (0264) 718 85 55<\/p>\n\n\n\n<p>Pazartesi \u202608:30\u201318:30<br>Sal\u0131 \u202608:30\u201318:30<br>\u00c7ar\u015famba ..08:30\u201318:30<br>Per\u015fembe..08:30\u201318:30<br>Cuma\u2026\u2026\u202608:30\u201318:30<br>Cumartesi .08:30\u201318:30<br>Pazar Kapal\u0131<\/p>\n","protected":false},"excerpt":{"rendered":"<p>canerteknikservis.com.tr Caner Teknik Servisi Her Marka Cep Telefonu Tamiri Telefon Sat\u0131\u015f\u0131 ve Teknik Hizmetleri Kabakoz Mah, Mevlana Cad. No:26 \u201cVak\u0131fbank Kar\u015f\u0131s\u0131\u201d 54500 Karasu\/Sakarya Tel.: (0264) 718 85 55 Pazartesi \u202608:30\u201318:30Sal\u0131 \u202608:30\u201318:30\u00c7ar\u015famba ..08:30\u201318:30Per\u015fembe..08:30\u201318:30Cuma\u2026\u2026\u202608:30\u201318:30Cumartesi .08:30\u201318:30Pazar Kapal\u0131<\/p>\n","protected":false},"author":1,"featured_media":0,"parent":0,"menu_order":0,"comment_status":"closed","ping_status":"open","template":"","meta":{"footnotes":""},"_links":{"self":[{"href":"http:\/\/www.canerteknikservis.com.tr\/index.php?rest_route=\/wp\/v2\/pages\/2"}],"collection":[{"href":"http:\/\/www.canerteknikservis.com.tr\/index.php?rest_route=\/wp\/v2\/pages"}],"about":[{"href":"http:\/\/www.canerteknikservis.com.tr\/index.php?rest_route=\/wp\/v2\/types\/page"}],"author":[{"embeddable":true,"href":"http:\/\/www.canerteknikservis.com.tr\/index.php?rest_route=\/wp\/v2\/users\/1"}],"replies":[{"embeddable":true,"href":"http:\/\/www.canerteknikservis.com.tr\/index.php?rest_route=%2Fwp%2Fv2%2Fcomments&post=2"}],"version-history":[{"count":3,"href":"http:\/\/www.canerteknikservis.com.tr\/index.php?rest_route=\/wp\/v2\/pages\/2\/revisions"}],"predecessor-version":[{"id":152,"href":"http:\/\/www.canerteknikservis.com.tr\/index.php?rest_route=\/wp\/v2\/pages\/2\/revisions\/152"}],"wp:attachment":[{"href":"http:\/\/www.canerteknikservis.com.tr\/index.php?rest_route=%2Fwp%2Fv2%2Fmedia&parent=2"}],"curies":[{"name":"wp","href":"https:\/\/api.w.org\/{rel}","templated":true}]}}